{"id":1325,"date":"2022-12-06T15:06:28","date_gmt":"2022-12-06T14:06:28","guid":{"rendered":"https:\/\/joergscheffler-consulting.de\/imprint\/"},"modified":"2025-07-31T12:50:33","modified_gmt":"2025-07-31T10:50:33","slug":"imprint","status":"publish","type":"page","link":"https:\/\/joergscheffler-consulting.de\/en\/imprint\/","title":{"rendered":"Imprint"},"content":{"rendered":"\t\t<div data-elementor-type=\"wp-page\" data-elementor-id=\"1325\" class=\"elementor elementor-1325 elementor-24\" data-elementor-post-type=\"page\">\n\t\t\t\t\t\t<section class=\"elementor-section elementor-top-section elementor-element elementor-element-34d19c2 elementor-section-boxed elementor-section-height-default elementor-section-height-default elementor-invisible\" data-id=\"34d19c2\" data-element_type=\"section\" data-e-type=\"section\" data-settings=\"{&quot;animation&quot;:&quot;slideInUp&quot;}\">\n\t\t\t\t\t\t<div class=\"elementor-container elementor-column-gap-default\">\n\t\t\t\t\t<div class=\"elementor-column elementor-col-100 elementor-top-column elementor-element elementor-element-27a45d6\" data-id=\"27a45d6\" data-element_type=\"column\" data-e-type=\"column\">\n\t\t\t<div class=\"elementor-widget-wrap elementor-element-populated\">\n\t\t\t\t\t\t<div class=\"elementor-element elementor-element-dfc67f0 elementor-widget elementor-widget-text-editor\" data-id=\"dfc67f0\" data-element_type=\"widget\" data-e-type=\"widget\" data-widget_type=\"text-editor.default\">\n\t\t\t\t<div class=\"elementor-widget-container\">\n\t\t\t\t\t\t\t\t\t<p>J\u00f6rg Scheffler Consulting<\/p>\t\t\t\t\t\t\t\t<\/div>\n\t\t\t\t<\/div>\n\t\t\t\t<div class=\"elementor-element elementor-element-c4794c1 elementor-widget elementor-widget-heading\" data-id=\"c4794c1\" data-element_type=\"widget\" data-e-type=\"widget\" data-widget_type=\"heading.default\">\n\t\t\t\t<div class=\"elementor-widget-container\">\n\t\t\t\t\t<h1 class=\"elementor-heading-title elementor-size-default\">Imprint<\/h1>\t\t\t\t<\/div>\n\t\t\t\t<\/div>\n\t\t\t\t\t<\/div>\n\t\t<\/div>\n\t\t\t\t\t<\/div>\n\t\t<\/section>\n\t\t\t\t<section class=\"elementor-section elementor-top-section elementor-element elementor-element-cea320b elementor-section-boxed elementor-section-height-default elementor-section-height-default elementor-invisible\" data-id=\"cea320b\" data-element_type=\"section\" data-e-type=\"section\" data-settings=\"{&quot;animation&quot;:&quot;slideInUp&quot;}\">\n\t\t\t\t\t\t<div class=\"elementor-container elementor-column-gap-default\">\n\t\t\t\t\t<div class=\"elementor-column elementor-col-100 elementor-top-column elementor-element elementor-element-67f8c16\" data-id=\"67f8c16\" data-element_type=\"column\" data-e-type=\"column\">\n\t\t\t<div class=\"elementor-widget-wrap elementor-element-populated\">\n\t\t\t\t\t\t<div class=\"elementor-element elementor-element-55b9282 elementor-widget elementor-widget-text-editor\" data-id=\"55b9282\" data-element_type=\"widget\" data-e-type=\"widget\" data-widget_type=\"text-editor.default\">\n\t\t\t\t<div class=\"elementor-widget-container\">\n\t\t\t\t\t\t\t\t\t<p>J\u00f6rg Scheffler<br>J\u00f6rg Scheffler Consulting<br>Holbeinstrasse 2c<br>63755 Alzenau<\/p><h2>Contact<\/h2><p>Phone: <a href=\"tel:004960233209291\">+49 (0) 6023 &#8211; 3209291<\/a><br>E-mail: <a href=\"mailto:info@joergscheffler-consulting.de\">info@joergscheffler-consulting.de<\/a><\/p><h2>Editorially responsible<\/h2><p>J\u00f6rg Scheffler<br>Holbeinstrasse 2c<br>63755 Alzenau<\/p><h2>Consumer dispute resolution\/universal arbitration board<\/h2><p>We are not willing or obliged to take part in dispute resolution proceedings before a consumer arbitration board.<\/p><h2>Image sources<\/h2><p>stock.adobe.com &#8211; Monster Ztudio <br>stock.adobe.com &#8211; ipopba <br>stock.adobe.com &#8211; Funtap<br>stock.adobe.com &#8211; contrastwerkstatt<\/p>\t\t\t\t\t\t\t\t<\/div>\n\t\t\t\t<\/div>\n\t\t\t\t\t<\/div>\n\t\t<\/div>\n\t\t\t\t\t<\/div>\n\t\t<\/section>\n\t\t\t\t<\/div>\n\t\t","protected":false},"excerpt":{"rendered":"<p>J\u00f6rg Scheffler Consulting Imprint J\u00f6rg SchefflerJ\u00f6rg Scheffler ConsultingHolbeinstrasse 2c63755 Alzenau Contact Phone: +49 (0) 6023 &#8211; 3209291E-mail: info@joergscheffler-consulting.de Editorially responsible J\u00f6rg SchefflerHolbeinstrasse 2c63755 Alzenau Consumer dispute resolution\/universal arbitration board We are not willing or obliged to take part in dispute resolution proceedings before a consumer arbitration board. Image sources stock.adobe.com &#8211; Monster Ztudio stock.adobe.com &#8211; [&hellip;]<\/p>\n","protected":false},"author":1,"featured_media":0,"parent":0,"menu_order":0,"comment_status":"closed","ping_status":"closed","template":"","meta":{"footnotes":""},"class_list":["post-1325","page","type-page","status-publish","hentry"],"yoast_head":"<!-- This site is optimized with the Yoast SEO plugin v27.3 - https:\/\/yoast.com\/product\/yoast-seo-wordpress\/ -->\n<title>Imprint - J\u00f6rg Scheffler Consulting | Personal- und Unternehmensberatung<\/title>\n<meta name=\"description\" content=\"Hier finden Sie das Impressum von J\u00f6rg Scheffler Consulting | Personal- &amp; Unternehmensberatung im Dentalbereich.\" \/>\n<meta name=\"robots\" content=\"index, follow, max-snippet:-1, max-image-preview:large, max-video-preview:-1\" \/>\n<link rel=\"canonical\" href=\"https:\/\/joergscheffler-consulting.de\/en\/imprint\/\" \/>\n<meta property=\"og:locale\" content=\"en_US\" \/>\n<meta property=\"og:type\" content=\"article\" \/>\n<meta property=\"og:title\" content=\"Imprint - J\u00f6rg Scheffler Consulting | Personal- und Unternehmensberatung\" \/>\n<meta property=\"og:description\" content=\"Hier finden Sie das Impressum von J\u00f6rg Scheffler Consulting | Personal- &amp; Unternehmensberatung im Dentalbereich.\" \/>\n<meta property=\"og:url\" content=\"https:\/\/joergscheffler-consulting.de\/en\/imprint\/\" \/>\n<meta property=\"og:site_name\" content=\"J\u00f6rg Scheffler Consulting | Personal- und Unternehmensberatung\" \/>\n<meta property=\"article:modified_time\" content=\"2025-07-31T10:50:33+00:00\" \/>\n<meta name=\"twitter:card\" content=\"summary_large_image\" \/>\n<script type=\"application\/ld+json\" class=\"yoast-schema-graph\">{\"@context\":\"https:\\\/\\\/schema.org\",\"@graph\":[{\"@type\":\"WebPage\",\"@id\":\"https:\\\/\\\/joergscheffler-consulting.de\\\/en\\\/imprint\\\/\",\"url\":\"https:\\\/\\\/joergscheffler-consulting.de\\\/en\\\/imprint\\\/\",\"name\":\"Imprint - J\u00f6rg Scheffler Consulting | Personal- und Unternehmensberatung\",\"isPartOf\":{\"@id\":\"https:\\\/\\\/joergscheffler-consulting.de\\\/en\\\/#website\"},\"datePublished\":\"2022-12-06T14:06:28+00:00\",\"dateModified\":\"2025-07-31T10:50:33+00:00\",\"description\":\"Hier finden Sie das Impressum von J\u00f6rg Scheffler Consulting | Personal- & Unternehmensberatung im Dentalbereich.\",\"breadcrumb\":{\"@id\":\"https:\\\/\\\/joergscheffler-consulting.de\\\/en\\\/imprint\\\/#breadcrumb\"},\"inLanguage\":\"en-US\",\"potentialAction\":[{\"@type\":\"ReadAction\",\"target\":[\"https:\\\/\\\/joergscheffler-consulting.de\\\/en\\\/imprint\\\/\"]}]},{\"@type\":\"BreadcrumbList\",\"@id\":\"https:\\\/\\\/joergscheffler-consulting.de\\\/en\\\/imprint\\\/#breadcrumb\",\"itemListElement\":[{\"@type\":\"ListItem\",\"position\":1,\"name\":\"Startseite\",\"item\":\"https:\\\/\\\/joergscheffler-consulting.de\\\/en\\\/\"},{\"@type\":\"ListItem\",\"position\":2,\"name\":\"Imprint\"}]},{\"@type\":\"WebSite\",\"@id\":\"https:\\\/\\\/joergscheffler-consulting.de\\\/en\\\/#website\",\"url\":\"https:\\\/\\\/joergscheffler-consulting.de\\\/en\\\/\",\"name\":\"J\u00f6rg Scheffler Consulting | Personal- und Unternehmensberatung\",\"description\":\"Dentalbereich\",\"publisher\":{\"@id\":\"https:\\\/\\\/joergscheffler-consulting.de\\\/en\\\/#organization\"},\"potentialAction\":[{\"@type\":\"SearchAction\",\"target\":{\"@type\":\"EntryPoint\",\"urlTemplate\":\"https:\\\/\\\/joergscheffler-consulting.de\\\/en\\\/?s={search_term_string}\"},\"query-input\":{\"@type\":\"PropertyValueSpecification\",\"valueRequired\":true,\"valueName\":\"search_term_string\"}}],\"inLanguage\":\"en-US\"},{\"@type\":\"Organization\",\"@id\":\"https:\\\/\\\/joergscheffler-consulting.de\\\/en\\\/#organization\",\"name\":\"J\u00f6rg Scheffler Consulting | Personal- und Unternehmensberatung\",\"url\":\"https:\\\/\\\/joergscheffler-consulting.de\\\/en\\\/\",\"logo\":{\"@type\":\"ImageObject\",\"inLanguage\":\"en-US\",\"@id\":\"https:\\\/\\\/joergscheffler-consulting.de\\\/en\\\/#\\\/schema\\\/logo\\\/image\\\/\",\"url\":\"https:\\\/\\\/joergscheffler-consulting.de\\\/wp-content\\\/uploads\\\/2022\\\/12\\\/Joerg-Scheffler-Consulting-Logo.png\",\"contentUrl\":\"https:\\\/\\\/joergscheffler-consulting.de\\\/wp-content\\\/uploads\\\/2022\\\/12\\\/Joerg-Scheffler-Consulting-Logo.png\",\"width\":1742,\"height\":526,\"caption\":\"J\u00f6rg Scheffler Consulting | Personal- und Unternehmensberatung\"},\"image\":{\"@id\":\"https:\\\/\\\/joergscheffler-consulting.de\\\/en\\\/#\\\/schema\\\/logo\\\/image\\\/\"}}]}<\/script>\n<!-- \/ Yoast SEO plugin. -->","yoast_head_json":{"title":"Imprint - J\u00f6rg Scheffler Consulting | Personal- und Unternehmensberatung","description":"Hier finden Sie das Impressum von J\u00f6rg Scheffler Consulting | Personal- & Unternehmensberatung im Dentalbereich.","robots":{"index":"index","follow":"follow","max-snippet":"max-snippet:-1","max-image-preview":"max-image-preview:large","max-video-preview":"max-video-preview:-1"},"canonical":"https:\/\/joergscheffler-consulting.de\/en\/imprint\/","og_locale":"en_US","og_type":"article","og_title":"Imprint - J\u00f6rg Scheffler Consulting | Personal- und Unternehmensberatung","og_description":"Hier finden Sie das Impressum von J\u00f6rg Scheffler Consulting | Personal- & Unternehmensberatung im Dentalbereich.","og_url":"https:\/\/joergscheffler-consulting.de\/en\/imprint\/","og_site_name":"J\u00f6rg Scheffler Consulting | Personal- und Unternehmensberatung","article_modified_time":"2025-07-31T10:50:33+00:00","twitter_card":"summary_large_image","schema":{"@context":"https:\/\/schema.org","@graph":[{"@type":"WebPage","@id":"https:\/\/joergscheffler-consulting.de\/en\/imprint\/","url":"https:\/\/joergscheffler-consulting.de\/en\/imprint\/","name":"Imprint - J\u00f6rg Scheffler Consulting | Personal- und Unternehmensberatung","isPartOf":{"@id":"https:\/\/joergscheffler-consulting.de\/en\/#website"},"datePublished":"2022-12-06T14:06:28+00:00","dateModified":"2025-07-31T10:50:33+00:00","description":"Hier finden Sie das Impressum von J\u00f6rg Scheffler Consulting | Personal- & Unternehmensberatung im Dentalbereich.","breadcrumb":{"@id":"https:\/\/joergscheffler-consulting.de\/en\/imprint\/#breadcrumb"},"inLanguage":"en-US","potentialAction":[{"@type":"ReadAction","target":["https:\/\/joergscheffler-consulting.de\/en\/imprint\/"]}]},{"@type":"BreadcrumbList","@id":"https:\/\/joergscheffler-consulting.de\/en\/imprint\/#breadcrumb","itemListElement":[{"@type":"ListItem","position":1,"name":"Startseite","item":"https:\/\/joergscheffler-consulting.de\/en\/"},{"@type":"ListItem","position":2,"name":"Imprint"}]},{"@type":"WebSite","@id":"https:\/\/joergscheffler-consulting.de\/en\/#website","url":"https:\/\/joergscheffler-consulting.de\/en\/","name":"J\u00f6rg Scheffler Consulting | Personal- und Unternehmensberatung","description":"Dentalbereich","publisher":{"@id":"https:\/\/joergscheffler-consulting.de\/en\/#organization"},"potentialAction":[{"@type":"SearchAction","target":{"@type":"EntryPoint","urlTemplate":"https:\/\/joergscheffler-consulting.de\/en\/?s={search_term_string}"},"query-input":{"@type":"PropertyValueSpecification","valueRequired":true,"valueName":"search_term_string"}}],"inLanguage":"en-US"},{"@type":"Organization","@id":"https:\/\/joergscheffler-consulting.de\/en\/#organization","name":"J\u00f6rg Scheffler Consulting | Personal- und Unternehmensberatung","url":"https:\/\/joergscheffler-consulting.de\/en\/","logo":{"@type":"ImageObject","inLanguage":"en-US","@id":"https:\/\/joergscheffler-consulting.de\/en\/#\/schema\/logo\/image\/","url":"https:\/\/joergscheffler-consulting.de\/wp-content\/uploads\/2022\/12\/Joerg-Scheffler-Consulting-Logo.png","contentUrl":"https:\/\/joergscheffler-consulting.de\/wp-content\/uploads\/2022\/12\/Joerg-Scheffler-Consulting-Logo.png","width":1742,"height":526,"caption":"J\u00f6rg Scheffler Consulting | Personal- und Unternehmensberatung"},"image":{"@id":"https:\/\/joergscheffler-consulting.de\/en\/#\/schema\/logo\/image\/"}}]}},"_links":{"self":[{"href":"https:\/\/joergscheffler-consulting.de\/en\/wp-json\/wp\/v2\/pages\/1325","targetHints":{"allow":["GET"]}}],"collection":[{"href":"https:\/\/joergscheffler-consulting.de\/en\/wp-json\/wp\/v2\/pages"}],"about":[{"href":"https:\/\/joergscheffler-consulting.de\/en\/wp-json\/wp\/v2\/types\/page"}],"author":[{"embeddable":true,"href":"https:\/\/joergscheffler-consulting.de\/en\/wp-json\/wp\/v2\/users\/1"}],"replies":[{"embeddable":true,"href":"https:\/\/joergscheffler-consulting.de\/en\/wp-json\/wp\/v2\/comments?post=1325"}],"version-history":[{"count":4,"href":"https:\/\/joergscheffler-consulting.de\/en\/wp-json\/wp\/v2\/pages\/1325\/revisions"}],"predecessor-version":[{"id":2013,"href":"https:\/\/joergscheffler-consulting.de\/en\/wp-json\/wp\/v2\/pages\/1325\/revisions\/2013"}],"wp:attachment":[{"href":"https:\/\/joergscheffler-consulting.de\/en\/wp-json\/wp\/v2\/media?parent=1325"}],"curies":[{"name":"wp","href":"https:\/\/api.w.org\/{rel}","templated":true}]}}